{"id":4374,"date":"2023-11-16T13:32:20","date_gmt":"2023-11-16T12:32:20","guid":{"rendered":"https:\/\/www.moma1890.com\/?page_id=4374"},"modified":"2023-11-16T13:32:20","modified_gmt":"2023-11-16T12:32:20","slug":"schliersee-ausflug","status":"publish","type":"page","link":"https:\/\/www.moma1890.com\/de\/schliersee-ausflug\/","title":{"rendered":"MOMA-Tipp: Schliersee"},"content":{"rendered":"","protected":false},"excerpt":{"rendered":"","protected":false},"author":7,"featured_media":0,"parent":0,"menu_order":39,"comment_status":"closed","ping_status":"closed","template":"","meta":{"_acf_changed":false,"footnotes":""},"class_list":["post-4374","page","type-page","status-publish","hentry"],"acf":[],"yoast_head":"<!-- This site is optimized with the Yoast SEO plugin v24.5 - https:\/\/yoast.com\/wordpress\/plugins\/seo\/ -->\n<title>Tagesausflug von M\u00fcnchen nach Schliersee<\/title>\n<meta name=\"description\" content=\"MOMA-Tipp - Leicht und bequem mit den \u00f6ffentlichen Verkehrsmitteln in etwas \u00fcber eine Stunde von M\u00fcnchen Ost zum Schliersee.\" \/>\n<meta name=\"robots\" content=\"index, follow, max-snippet:-1, max-image-preview:large, max-video-preview:-1\" \/>\n<link rel=\"canonical\" href=\"https:\/\/www.moma1890.com\/de\/schliersee-ausflug\/\" \/>\n<meta property=\"og:locale\" content=\"de_DE\" \/>\n<meta property=\"og:type\" content=\"article\" \/>\n<meta property=\"og:title\" content=\"Tagesausflug von M\u00fcnchen nach Schliersee\" \/>\n<meta property=\"og:description\" content=\"MOMA-Tipp - Leicht und bequem mit den \u00f6ffentlichen Verkehrsmitteln in etwas \u00fcber eine Stunde von M\u00fcnchen Ost zum Schliersee.\" \/>\n<meta property=\"og:url\" content=\"https:\/\/www.moma1890.com\/de\/schliersee-ausflug\/\" \/>\n<meta property=\"og:site_name\" content=\"MOMA1890 Boutique Hotel M\u00fcnchen\" \/>\n<meta property=\"og:image\" content=\"https:\/\/www.moma1890.com\/wp-content\/uploads\/2021\/06\/DSC_6795-scaled.jpg\" \/>\n\t<meta property=\"og:image:width\" content=\"2560\" \/>\n\t<meta property=\"og:image:height\" content=\"1704\" \/>\n\t<meta property=\"og:image:type\" content=\"image\/jpeg\" \/>\n<meta name=\"twitter:card\" content=\"summary_large_image\" \/>\n<script type=\"application\/ld+json\" class=\"yoast-schema-graph\">{\"@context\":\"https:\/\/schema.org\",\"@graph\":[{\"@type\":\"WebPage\",\"@id\":\"https:\/\/www.moma1890.com\/de\/schliersee-ausflug\/\",\"url\":\"https:\/\/www.moma1890.com\/de\/schliersee-ausflug\/\",\"name\":\"Tagesausflug von M\u00fcnchen nach Schliersee\",\"isPartOf\":{\"@id\":\"https:\/\/www.moma1890.com\/de\/#website\"},\"datePublished\":\"2023-11-16T12:32:20+00:00\",\"description\":\"MOMA-Tipp - Leicht und bequem mit den \u00f6ffentlichen Verkehrsmitteln in etwas \u00fcber eine Stunde von M\u00fcnchen Ost zum Schliersee.\",\"breadcrumb\":{\"@id\":\"https:\/\/www.moma1890.com\/de\/schliersee-ausflug\/#breadcrumb\"},\"inLanguage\":\"de\",\"potentialAction\":[{\"@type\":\"ReadAction\",\"target\":[\"https:\/\/www.moma1890.com\/de\/schliersee-ausflug\/\"]}]},{\"@type\":\"BreadcrumbList\",\"@id\":\"https:\/\/www.moma1890.com\/de\/schliersee-ausflug\/#breadcrumb\",\"itemListElement\":[{\"@type\":\"ListItem\",\"position\":1,\"name\":\"Startseite\",\"item\":\"https:\/\/www.moma1890.com\/de\/\"},{\"@type\":\"ListItem\",\"position\":2,\"name\":\"MOMA-Tipp: Schliersee\"}]},{\"@type\":\"WebSite\",\"@id\":\"https:\/\/www.moma1890.com\/de\/#website\",\"url\":\"https:\/\/www.moma1890.com\/de\/\",\"name\":\"MOMA1890 Boutique Hotel M\u00fcnchen\",\"description\":\"\",\"publisher\":{\"@id\":\"https:\/\/www.moma1890.com\/de\/#organization\"},\"potentialAction\":[{\"@type\":\"SearchAction\",\"target\":{\"@type\":\"EntryPoint\",\"urlTemplate\":\"https:\/\/www.moma1890.com\/de\/?s={search_term_string}\"},\"query-input\":{\"@type\":\"PropertyValueSpecification\",\"valueRequired\":true,\"valueName\":\"search_term_string\"}}],\"inLanguage\":\"de\"},{\"@type\":\"Organization\",\"@id\":\"https:\/\/www.moma1890.com\/de\/#organization\",\"name\":\"MOMA 1890 Boutiquehotel M\u00fcnchen\",\"url\":\"https:\/\/www.moma1890.com\/de\/\",\"logo\":{\"@type\":\"ImageObject\",\"inLanguage\":\"de\",\"@id\":\"https:\/\/www.moma1890.com\/de\/#\/schema\/logo\/image\/\",\"url\":\"https:\/\/www.moma1890.com\/wp-content\/uploads\/2021\/08\/cookielogo.png\",\"contentUrl\":\"https:\/\/www.moma1890.com\/wp-content\/uploads\/2021\/08\/cookielogo.png\",\"width\":600,\"height\":400,\"caption\":\"MOMA 1890 Boutiquehotel M\u00fcnchen\"},\"image\":{\"@id\":\"https:\/\/www.moma1890.com\/de\/#\/schema\/logo\/image\/\"}}]}<\/script>\n<!-- \/ Yoast SEO plugin. -->","yoast_head_json":{"title":"Tagesausflug von M\u00fcnchen nach Schliersee","description":"MOMA-Tipp - Leicht und bequem mit den \u00f6ffentlichen Verkehrsmitteln in etwas \u00fcber eine Stunde von M\u00fcnchen Ost zum Schliersee.","robots":{"index":"index","follow":"follow","max-snippet":"max-snippet:-1","max-image-preview":"max-image-preview:large","max-video-preview":"max-video-preview:-1"},"canonical":"https:\/\/www.moma1890.com\/de\/schliersee-ausflug\/","og_locale":"de_DE","og_type":"article","og_title":"Tagesausflug von M\u00fcnchen nach Schliersee","og_description":"MOMA-Tipp - Leicht und bequem mit den \u00f6ffentlichen Verkehrsmitteln in etwas \u00fcber eine Stunde von M\u00fcnchen Ost zum Schliersee.","og_url":"https:\/\/www.moma1890.com\/de\/schliersee-ausflug\/","og_site_name":"MOMA1890 Boutique Hotel M\u00fcnchen","og_image":[{"width":2560,"height":1704,"url":"https:\/\/www.moma1890.com\/wp-content\/uploads\/2021\/06\/DSC_6795-scaled.jpg","type":"image\/jpeg"}],"twitter_card":"summary_large_image","schema":{"@context":"https:\/\/schema.org","@graph":[{"@type":"WebPage","@id":"https:\/\/www.moma1890.com\/de\/schliersee-ausflug\/","url":"https:\/\/www.moma1890.com\/de\/schliersee-ausflug\/","name":"Tagesausflug von M\u00fcnchen nach Schliersee","isPartOf":{"@id":"https:\/\/www.moma1890.com\/de\/#website"},"datePublished":"2023-11-16T12:32:20+00:00","description":"MOMA-Tipp - Leicht und bequem mit den \u00f6ffentlichen Verkehrsmitteln in etwas \u00fcber eine Stunde von M\u00fcnchen Ost zum Schliersee.","breadcrumb":{"@id":"https:\/\/www.moma1890.com\/de\/schliersee-ausflug\/#breadcrumb"},"inLanguage":"de","potentialAction":[{"@type":"ReadAction","target":["https:\/\/www.moma1890.com\/de\/schliersee-ausflug\/"]}]},{"@type":"BreadcrumbList","@id":"https:\/\/www.moma1890.com\/de\/schliersee-ausflug\/#breadcrumb","itemListElement":[{"@type":"ListItem","position":1,"name":"Startseite","item":"https:\/\/www.moma1890.com\/de\/"},{"@type":"ListItem","position":2,"name":"MOMA-Tipp: Schliersee"}]},{"@type":"WebSite","@id":"https:\/\/www.moma1890.com\/de\/#website","url":"https:\/\/www.moma1890.com\/de\/","name":"MOMA1890 Boutique Hotel M\u00fcnchen","description":"","publisher":{"@id":"https:\/\/www.moma1890.com\/de\/#organization"},"potentialAction":[{"@type":"SearchAction","target":{"@type":"EntryPoint","urlTemplate":"https:\/\/www.moma1890.com\/de\/?s={search_term_string}"},"query-input":{"@type":"PropertyValueSpecification","valueRequired":true,"valueName":"search_term_string"}}],"inLanguage":"de"},{"@type":"Organization","@id":"https:\/\/www.moma1890.com\/de\/#organization","name":"MOMA 1890 Boutiquehotel M\u00fcnchen","url":"https:\/\/www.moma1890.com\/de\/","logo":{"@type":"ImageObject","inLanguage":"de","@id":"https:\/\/www.moma1890.com\/de\/#\/schema\/logo\/image\/","url":"https:\/\/www.moma1890.com\/wp-content\/uploads\/2021\/08\/cookielogo.png","contentUrl":"https:\/\/www.moma1890.com\/wp-content\/uploads\/2021\/08\/cookielogo.png","width":600,"height":400,"caption":"MOMA 1890 Boutiquehotel M\u00fcnchen"},"image":{"@id":"https:\/\/www.moma1890.com\/de\/#\/schema\/logo\/image\/"}}]}},"_links":{"self":[{"href":"https:\/\/www.moma1890.com\/de\/wp-json\/wp\/v2\/pages\/4374","targetHints":{"allow":["GET"]}}],"collection":[{"href":"https:\/\/www.moma1890.com\/de\/wp-json\/wp\/v2\/pages"}],"about":[{"href":"https:\/\/www.moma1890.com\/de\/wp-json\/wp\/v2\/types\/page"}],"author":[{"embeddable":true,"href":"https:\/\/www.moma1890.com\/de\/wp-json\/wp\/v2\/users\/7"}],"replies":[{"embeddable":true,"href":"https:\/\/www.moma1890.com\/de\/wp-json\/wp\/v2\/comments?post=4374"}],"version-history":[{"count":1,"href":"https:\/\/www.moma1890.com\/de\/wp-json\/wp\/v2\/pages\/4374\/revisions"}],"predecessor-version":[{"id":4389,"href":"https:\/\/www.moma1890.com\/de\/wp-json\/wp\/v2\/pages\/4374\/revisions\/4389"}],"wp:attachment":[{"href":"https:\/\/www.moma1890.com\/de\/wp-json\/wp\/v2\/media?parent=4374"}],"curies":[{"name":"wp","href":"https:\/\/api.w.org\/{rel}","templated":true}]}}