{"id":13,"date":"2021-06-07T23:07:48","date_gmt":"2021-06-07T21:07:48","guid":{"rendered":"http:\/\/moma-1890.de\/?page_id=13"},"modified":"2023-12-15T14:20:37","modified_gmt":"2023-12-15T13:20:37","slug":"impressum-moma1890-boutique-hotel-muenchen","status":"publish","type":"page","link":"https:\/\/www.moma1890.com\/de\/impressum-moma1890-boutique-hotel-muenchen\/","title":{"rendered":"Impressum"},"content":{"rendered":"<p>MOMA1890 GmbH &amp; Co. KG<br \/>\nOrleansplatz 6 a<br \/>\n81667 M\u00fcnchen<\/p>\n<p>Telefon\/WhatsApp: +49 (0)89-4482424<br \/>\nFax: +49 (0)89-485987<br \/>\n<a href=\"&#x6d;&#x61;&#x69;&#x6c;&#x74;&#x6f;&#58;&#105;&#110;&#102;o&#64;mo&#x6d;&#x61;&#x31;&#x38;&#x39;&#x30;&#46;&#99;&#111;&#109;\" target=\"_hc|GIIy3W7cA4xIYM7yl0vuuWI8\" rel=\"noopener\">&#105;&#x6e;&#102;&#x6f;&#64;&#x6d;&#111;&#x6d;&#97;&#x31;&#56;&#x39;&#48;&#x2e;&#99;&#x6f;&#109;<\/a><\/p>\n<p>Sitz der Gesellschaft: M\u00fcnchen, Registergericht: Amtsgericht M\u00fcnchen, Registernummer: HRA 89037<br \/>\nPers\u00f6nlich haftende Gesellschafterin: MOMA1890 Beteiligungs GmbH<br \/>\nSitz der Gesellschaft: M\u00fcnchen, Registergericht: Amtsgericht M\u00fcnchen, Registernummer: HRB 164885<br \/>\nVertretungsberechtigte Gesch\u00e4ftsf\u00fchrer: Moritz Seidel, Maximilian Seidel<\/p>\n<p>Gestaltung und Programmierung:<br \/>\nVARIANTE B &#8211; Code- und Designstudio Berlin<br \/>\n<a href=\"https:\/\/www.variante-b.de\">www.variante-b.de<\/a><\/p>\n<p>Bild- und Videonachweis:<br \/>\nArchiv Hotel Stadt Rosenheim<br \/>\nStadtarchiv M\u00fcnchen<br \/>\nReto Brunner <a href=\"http:\/\/www.brunnerbekker.com\">www.brunnerbekker.com<\/a><br \/>\nNadine Ingold <a href=\"http:\/\/www.ingold.de\">www.ingold.de<\/a><br \/>\nLesTrois<br \/>\nMarkus Reuter <a href=\"http:\/\/www.reuter-photography.de\/\">www.reuter-photography.de<\/a><br \/>\nistockphotos<br \/>\nUnsplash<br \/>\nM\u00fcnchner Marionettentheater<br \/>\nMuseum Villa Stuck<br \/>\nBarroom M\u00fcnchen<br \/>\nFreunde Haidhausens<br \/>\nHaidhausen Museum<br \/>\nbody+soul<br \/>\nmycityhighlights<br \/>\nDream Bowl<br \/>\nLichtspiele Museum<br \/>\nescapegame-muenchen.de<br \/>\nJochen Schweizer Arena<br \/>\nsuperfly-muenchen.de<br \/>\nWerk 12<br \/>\nKino, Mond &amp; Sterne<br \/>\nThomas Marufke<br \/>\nWildpark Poing<br \/>\nTherme Erding<br \/>\nKletterwald Vaterstetten<br \/>\nDinzler Kaffeer\u00f6sterei<br \/>\nMetzgerei Boneberger<br \/>\nBioteaque<br \/>\nFrancesco Masuccio<br \/>\nSarah Mutter<br \/>\nYasen Iliev<br \/>\nNicolas Chometowski<br \/>\nDaniel J. Schwarz<br \/>\nElias Maurer<br \/>\nDaniel Sessler<br \/>\nServus Schliersee<\/p>\n<h4><a href=\"https:\/\/www.hotel-stadt-rosenheim.de\/wp-content\/uploads\/2018\/05\/AGBs-TermsConditions-Hotel-Stadt-Rosenheim.pdf\" target=\"_hc|GIIy3W7cA4xIYM7yl0vuuWI8\" rel=\"noopener\">Hier gelangen Sie zu den allgemeinen Gesch\u00e4ftsbedingungen<\/a><\/h4>\n<p>&nbsp;<\/p>\n<h4>Angaben gem\u00e4\u00df \u00a7 5 TMG:<\/h4>\n<p>MOMA1890 GmbH &amp; Co. KG<br \/>\nOrleansplatz 6a<br \/>\n81667 M\u00fcnchen<\/p>\n<h4>Postadresse:<\/h4>\n<p>Orleansplatz 6a<br \/>\n81667 M\u00fcnchen<\/p>\n<h4>Vertreten durch:<\/h4>\n<p>MOMA 1890 Beteiligungs GmbH, vertreten durch GF Moritz Seidel und Maximilian Seidel<\/p>\n<h4>Kontakt:<\/h4>\n<p>Telefon: +49 (0)89-4482424<br \/>\nTelefax: +49 (0)89-485987<br \/>\nE-Mail: <a href=\"mail&#116;&#111;&#58;&#105;&#110;&#x66;&#x6f;&#x40;&#x6d;&#x6f;&#x6d;&#x61;1890&#46;&#99;&#111;&#109;\" target=\"_hc|GIIy3W7cA4xIYM7yl0vuuWI8\" rel=\"noopener\">&#105;&#x6e;&#102;&#x6f;&#64;&#x6d;o&#x6d;a&#x31;8&#57;&#x30;&#46;&#x63;&#111;&#x6d;<\/a><\/p>\n<h4>Registereintrag:<\/h4>\n<p>Eintragung im Handelsregister.<br \/>\nSitz der Gesellschaft: M\u00fcnchen, Registergericht: Amtsgericht M\u00fcnchen, Registernummer: HRA 89037<br \/>\nPers\u00f6nlich haftende Gesellschafterin: MOMA 1890 Beteiligungs GmbH<br \/>\nSitz der Gesellschaft: M\u00fcnchen, Registergericht: Amtsgericht M\u00fcnchen, Registernummer: HRB 164885<\/p>\n<h4>Umsatzsteuer:<\/h4>\n<p>Umsatzsteuer-Identifikationsnummer gem\u00e4\u00df \u00a727 a Umsatzsteuergesetz:<br \/>\nDE 252 918 573<\/p>\n<h4>Verantwortlich f\u00fcr den Inhalt nach \u00a7 55 Abs. 2 RStV:<\/h4>\n<p>Maximilian Seidel<\/p>\n<h4>Streitschlichtung<\/h4>\n<p>Die Europ\u00e4ische Kommission stellt eine Plattform zur Online-Streitbeilegung (OS) bereit: <a href=\"https:\/\/ec.europa.eu\/consumers\/odr\" target=\"_hc|GIIy3W7cA4xIYM7yl0vuuWI8\" rel=\"noopener\">https:\/\/ec.europa.eu\/consumers\/odr<\/a>.<br \/>\nUnsere E-Mail-Adresse finden Sie oben im Impressum.<\/p>\n<p>Wir sind nicht bereit oder verpflichtet, an Streitbeilegungsverfahren vor einer Verbraucherschlichtungsstelle teilzunehmen.<\/p>\n<h4>Haftung f\u00fcr Inhalte<\/h4>\n<p>Als Diensteanbieter sind wir gem\u00e4\u00df \u00a7 7 Abs.1 TMG f\u00fcr eigene Inhalte auf diesen Seiten nach den allgemeinen Gesetzen verantwortlich. Nach \u00a7\u00a7 8 bis 10 TMG sind wir als Diensteanbieter jedoch nicht verpflichtet, \u00fcbermittelte oder gespeicherte fremde Informationen zu \u00fcberwachen oder nach Umst\u00e4nden zu forschen, die auf eine rechtswidrige T\u00e4tigkeit hinweisen.<\/p>\n<p>Verpflichtungen zur Entfernung oder Sperrung der Nutzung von Informationen nach den allgemeinen Gesetzen bleiben hiervon unber\u00fchrt. Eine diesbez\u00fcgliche Haftung ist jedoch erst ab dem Zeitpunkt der Kenntnis einer konkreten Rechtsverletzung m\u00f6glich. Bei Bekanntwerden von entsprechenden Rechtsverletzungen werden wir diese Inhalte umgehend entfernen.<\/p>\n<h4>Haftung f\u00fcr Links<\/h4>\n<p>Unser Angebot enth\u00e4lt Links zu externen Websites Dritter, auf deren Inhalte wir keinen Einfluss haben. Deshalb k\u00f6nnen wir f\u00fcr diese fremden Inhalte auch keine Gew\u00e4hr \u00fcbernehmen. F\u00fcr die Inhalte der verlinkten Seiten ist stets der jeweilige Anbieter oder Betreiber der Seiten verantwortlich. Die verlinkten Seiten wurden zum Zeitpunkt der Verlinkung auf m\u00f6gliche Rechtsverst\u00f6\u00dfe \u00fcberpr\u00fcft. Rechtswidrige Inhalte waren zum Zeitpunkt der Verlinkung nicht erkennbar.<\/p>\n<p>Eine permanente inhaltliche Kontrolle der verlinkten Seiten ist jedoch ohne konkrete Anhaltspunkte einer Rechtsverletzung nicht zumutbar. Bei Bekanntwerden von Rechtsverletzungen werden wir derartige Links umgehend entfernen.<\/p>\n<h4>Urheberrecht<\/h4>\n<p>Die durch die Seitenbetreiber erstellten Inhalte und Werke auf diesen Seiten unterliegen dem deutschen Urheberrecht. Die Vervielf\u00e4ltigung, Bearbeitung, Verbreitung und jede Art der Verwertung au\u00dferhalb der Grenzen des Urheberrechtes bed\u00fcrfen der schriftlichen Zustimmung des jeweiligen Autors bzw. Erstellers. Downloads und Kopien dieser Seite sind nur f\u00fcr den privaten, nicht kommerziellen Gebrauch gestattet.<\/p>\n<p>Soweit die Inhalte auf dieser Seite nicht vom Betreiber erstellt wurden, werden die Urheberrechte Dritter beachtet. Insbesondere werden Inhalte Dritter als solche gekennzeichnet. Sollten Sie trotzdem auf eine Urheberrechtsverletzung aufmerksam werden, bitten wir um einen entsprechenden Hinweis. Bei Bekanntwerden von Rechtsverletzungen werden wir derartige Inhalte umgehend entfernen.<\/p>\n","protected":false},"excerpt":{"rendered":"<p>MOMA1890 GmbH &amp; Co. KG Orleansplatz 6 a 81667 M\u00fcnchen Telefon\/WhatsApp: +49 (0)89-4482424 Fax: +49 (0)89-485987 &#x69;&#x6e;&#102;o&#x40;&#x6d;&#111;&#109;a&#x31;&#x38;&#57;&#48;&#46;&#x63;&#x6f;&#109; Sitz der Gesellschaft: M\u00fcnchen, Registergericht: Amtsgericht M\u00fcnchen, Registernummer: HRA 89037 Pers\u00f6nlich haftende Gesellschafterin: MOMA1890 Beteiligungs GmbH Sitz der Gesellschaft: M\u00fcnchen, Registergericht: Amtsgericht M\u00fcnchen, Registernummer: HRB 164885 Vertretungsberechtigte Gesch\u00e4ftsf\u00fchrer: Moritz Seidel, Maximilian Seidel Gestaltung und Programmierung: VARIANTE B &#8211; &#8230;.<\/p>\n","protected":false},"author":1,"featured_media":0,"parent":0,"menu_order":146,"comment_status":"closed","ping_status":"closed","template":"page-textseiten.php","meta":{"_acf_changed":false,"footnotes":""},"class_list":["post-13","page","type-page","status-publish","hentry"],"acf":[],"yoast_head":"<!-- This site is optimized with the Yoast SEO plugin v24.5 - https:\/\/yoast.com\/wordpress\/plugins\/seo\/ -->\n<title>Impressum - MOMA1890 Boutique Hotel M\u00fcnchen<\/title>\n<meta name=\"description\" content=\"Hier finden Sie das Impressum der MOMA1890 GmbH &amp; Co KG, Pers\u00f6nlich haftend: MOMA1890 Beteiligungs GmbH, GF Moritz Seidel, Maximilian Seidel\" \/>\n<meta name=\"robots\" content=\"index, follow, max-snippet:-1, max-image-preview:large, max-video-preview:-1\" \/>\n<link rel=\"canonical\" href=\"https:\/\/www.moma1890.com\/de\/impressum-moma1890-boutique-hotel-muenchen\/\" \/>\n<meta property=\"og:locale\" content=\"de_DE\" \/>\n<meta property=\"og:type\" content=\"article\" \/>\n<meta property=\"og:title\" content=\"Impressum - MOMA1890 Boutique Hotel M\u00fcnchen\" \/>\n<meta property=\"og:description\" content=\"Hier finden Sie das Impressum der MOMA1890 GmbH &amp; Co KG, Pers\u00f6nlich haftend: MOMA1890 Beteiligungs GmbH, GF Moritz Seidel, Maximilian Seidel\" \/>\n<meta property=\"og:url\" content=\"https:\/\/www.moma1890.com\/de\/impressum-moma1890-boutique-hotel-muenchen\/\" \/>\n<meta property=\"og:site_name\" content=\"MOMA1890 Boutique Hotel M\u00fcnchen\" \/>\n<meta property=\"article:modified_time\" content=\"2023-12-15T13:20:37+00:00\" \/>\n<meta property=\"og:image\" content=\"https:\/\/www.moma1890.com\/wp-content\/uploads\/2021\/06\/DSC_6795-scaled.jpg\" \/>\n\t<meta property=\"og:image:width\" content=\"2560\" \/>\n\t<meta property=\"og:image:height\" content=\"1704\" \/>\n\t<meta property=\"og:image:type\" content=\"image\/jpeg\" \/>\n<meta name=\"twitter:card\" content=\"summary_large_image\" \/>\n<meta name=\"twitter:label1\" content=\"Gesch\u00e4tzte Lesezeit\" \/>\n\t<meta name=\"twitter:data1\" content=\"3\u00a0Minuten\" \/>\n<script type=\"application\/ld+json\" class=\"yoast-schema-graph\">{\"@context\":\"https:\/\/schema.org\",\"@graph\":[{\"@type\":\"WebPage\",\"@id\":\"https:\/\/www.moma1890.com\/de\/impressum-moma1890-boutique-hotel-muenchen\/\",\"url\":\"https:\/\/www.moma1890.com\/de\/impressum-moma1890-boutique-hotel-muenchen\/\",\"name\":\"Impressum - MOMA1890 Boutique Hotel M\u00fcnchen\",\"isPartOf\":{\"@id\":\"https:\/\/www.moma1890.com\/de\/#website\"},\"datePublished\":\"2021-06-07T21:07:48+00:00\",\"dateModified\":\"2023-12-15T13:20:37+00:00\",\"description\":\"Hier finden Sie das Impressum der MOMA1890 GmbH & Co KG, Pers\u00f6nlich haftend: MOMA1890 Beteiligungs GmbH, GF Moritz Seidel, Maximilian Seidel\",\"breadcrumb\":{\"@id\":\"https:\/\/www.moma1890.com\/de\/impressum-moma1890-boutique-hotel-muenchen\/#breadcrumb\"},\"inLanguage\":\"de\",\"potentialAction\":[{\"@type\":\"ReadAction\",\"target\":[\"https:\/\/www.moma1890.com\/de\/impressum-moma1890-boutique-hotel-muenchen\/\"]}]},{\"@type\":\"BreadcrumbList\",\"@id\":\"https:\/\/www.moma1890.com\/de\/impressum-moma1890-boutique-hotel-muenchen\/#breadcrumb\",\"itemListElement\":[{\"@type\":\"ListItem\",\"position\":1,\"name\":\"Startseite\",\"item\":\"https:\/\/www.moma1890.com\/de\/\"},{\"@type\":\"ListItem\",\"position\":2,\"name\":\"Impressum\"}]},{\"@type\":\"WebSite\",\"@id\":\"https:\/\/www.moma1890.com\/de\/#website\",\"url\":\"https:\/\/www.moma1890.com\/de\/\",\"name\":\"MOMA1890 Boutique Hotel M\u00fcnchen\",\"description\":\"\",\"publisher\":{\"@id\":\"https:\/\/www.moma1890.com\/de\/#organization\"},\"potentialAction\":[{\"@type\":\"SearchAction\",\"target\":{\"@type\":\"EntryPoint\",\"urlTemplate\":\"https:\/\/www.moma1890.com\/de\/?s={search_term_string}\"},\"query-input\":{\"@type\":\"PropertyValueSpecification\",\"valueRequired\":true,\"valueName\":\"search_term_string\"}}],\"inLanguage\":\"de\"},{\"@type\":\"Organization\",\"@id\":\"https:\/\/www.moma1890.com\/de\/#organization\",\"name\":\"MOMA 1890 Boutiquehotel M\u00fcnchen\",\"url\":\"https:\/\/www.moma1890.com\/de\/\",\"logo\":{\"@type\":\"ImageObject\",\"inLanguage\":\"de\",\"@id\":\"https:\/\/www.moma1890.com\/de\/#\/schema\/logo\/image\/\",\"url\":\"https:\/\/www.moma1890.com\/wp-content\/uploads\/2021\/08\/cookielogo.png\",\"contentUrl\":\"https:\/\/www.moma1890.com\/wp-content\/uploads\/2021\/08\/cookielogo.png\",\"width\":600,\"height\":400,\"caption\":\"MOMA 1890 Boutiquehotel M\u00fcnchen\"},\"image\":{\"@id\":\"https:\/\/www.moma1890.com\/de\/#\/schema\/logo\/image\/\"}}]}<\/script>\n<!-- \/ Yoast SEO plugin. -->","yoast_head_json":{"title":"Impressum - MOMA1890 Boutique Hotel M\u00fcnchen","description":"Hier finden Sie das Impressum der MOMA1890 GmbH & Co KG, Pers\u00f6nlich haftend: MOMA1890 Beteiligungs GmbH, GF Moritz Seidel, Maximilian Seidel","robots":{"index":"index","follow":"follow","max-snippet":"max-snippet:-1","max-image-preview":"max-image-preview:large","max-video-preview":"max-video-preview:-1"},"canonical":"https:\/\/www.moma1890.com\/de\/impressum-moma1890-boutique-hotel-muenchen\/","og_locale":"de_DE","og_type":"article","og_title":"Impressum - MOMA1890 Boutique Hotel M\u00fcnchen","og_description":"Hier finden Sie das Impressum der MOMA1890 GmbH & Co KG, Pers\u00f6nlich haftend: MOMA1890 Beteiligungs GmbH, GF Moritz Seidel, Maximilian Seidel","og_url":"https:\/\/www.moma1890.com\/de\/impressum-moma1890-boutique-hotel-muenchen\/","og_site_name":"MOMA1890 Boutique Hotel M\u00fcnchen","article_modified_time":"2023-12-15T13:20:37+00:00","og_image":[{"width":2560,"height":1704,"url":"https:\/\/www.moma1890.com\/wp-content\/uploads\/2021\/06\/DSC_6795-scaled.jpg","type":"image\/jpeg"}],"twitter_card":"summary_large_image","twitter_misc":{"Gesch\u00e4tzte Lesezeit":"3\u00a0Minuten"},"schema":{"@context":"https:\/\/schema.org","@graph":[{"@type":"WebPage","@id":"https:\/\/www.moma1890.com\/de\/impressum-moma1890-boutique-hotel-muenchen\/","url":"https:\/\/www.moma1890.com\/de\/impressum-moma1890-boutique-hotel-muenchen\/","name":"Impressum - MOMA1890 Boutique Hotel M\u00fcnchen","isPartOf":{"@id":"https:\/\/www.moma1890.com\/de\/#website"},"datePublished":"2021-06-07T21:07:48+00:00","dateModified":"2023-12-15T13:20:37+00:00","description":"Hier finden Sie das Impressum der MOMA1890 GmbH & Co KG, Pers\u00f6nlich haftend: MOMA1890 Beteiligungs GmbH, GF Moritz Seidel, Maximilian Seidel","breadcrumb":{"@id":"https:\/\/www.moma1890.com\/de\/impressum-moma1890-boutique-hotel-muenchen\/#breadcrumb"},"inLanguage":"de","potentialAction":[{"@type":"ReadAction","target":["https:\/\/www.moma1890.com\/de\/impressum-moma1890-boutique-hotel-muenchen\/"]}]},{"@type":"BreadcrumbList","@id":"https:\/\/www.moma1890.com\/de\/impressum-moma1890-boutique-hotel-muenchen\/#breadcrumb","itemListElement":[{"@type":"ListItem","position":1,"name":"Startseite","item":"https:\/\/www.moma1890.com\/de\/"},{"@type":"ListItem","position":2,"name":"Impressum"}]},{"@type":"WebSite","@id":"https:\/\/www.moma1890.com\/de\/#website","url":"https:\/\/www.moma1890.com\/de\/","name":"MOMA1890 Boutique Hotel M\u00fcnchen","description":"","publisher":{"@id":"https:\/\/www.moma1890.com\/de\/#organization"},"potentialAction":[{"@type":"SearchAction","target":{"@type":"EntryPoint","urlTemplate":"https:\/\/www.moma1890.com\/de\/?s={search_term_string}"},"query-input":{"@type":"PropertyValueSpecification","valueRequired":true,"valueName":"search_term_string"}}],"inLanguage":"de"},{"@type":"Organization","@id":"https:\/\/www.moma1890.com\/de\/#organization","name":"MOMA 1890 Boutiquehotel M\u00fcnchen","url":"https:\/\/www.moma1890.com\/de\/","logo":{"@type":"ImageObject","inLanguage":"de","@id":"https:\/\/www.moma1890.com\/de\/#\/schema\/logo\/image\/","url":"https:\/\/www.moma1890.com\/wp-content\/uploads\/2021\/08\/cookielogo.png","contentUrl":"https:\/\/www.moma1890.com\/wp-content\/uploads\/2021\/08\/cookielogo.png","width":600,"height":400,"caption":"MOMA 1890 Boutiquehotel M\u00fcnchen"},"image":{"@id":"https:\/\/www.moma1890.com\/de\/#\/schema\/logo\/image\/"}}]}},"_links":{"self":[{"href":"https:\/\/www.moma1890.com\/de\/wp-json\/wp\/v2\/pages\/13","targetHints":{"allow":["GET"]}}],"collection":[{"href":"https:\/\/www.moma1890.com\/de\/wp-json\/wp\/v2\/pages"}],"about":[{"href":"https:\/\/www.moma1890.com\/de\/wp-json\/wp\/v2\/types\/page"}],"author":[{"embeddable":true,"href":"https:\/\/www.moma1890.com\/de\/wp-json\/wp\/v2\/users\/1"}],"replies":[{"embeddable":true,"href":"https:\/\/www.moma1890.com\/de\/wp-json\/wp\/v2\/comments?post=13"}],"version-history":[{"count":13,"href":"https:\/\/www.moma1890.com\/de\/wp-json\/wp\/v2\/pages\/13\/revisions"}],"predecessor-version":[{"id":4448,"href":"https:\/\/www.moma1890.com\/de\/wp-json\/wp\/v2\/pages\/13\/revisions\/4448"}],"wp:attachment":[{"href":"https:\/\/www.moma1890.com\/de\/wp-json\/wp\/v2\/media?parent=13"}],"curies":[{"name":"wp","href":"https:\/\/api.w.org\/{rel}","templated":true}]}}